{"id":2677,"date":"2025-05-13T14:15:59","date_gmt":"2025-05-13T18:15:59","guid":{"rendered":"https:\/\/astroblemecharlevoix.org\/?page_id=2677"},"modified":"2025-05-22T17:27:23","modified_gmt":"2025-05-22T21:27:23","slug":"strolling-at-the-speed-of-light","status":"publish","type":"page","link":"https:\/\/astroblemecharlevoix.org\/index.php\/en\/strolling-at-the-speed-of-light\/","title":{"rendered":"Strolling at the speed of light"},"content":{"rendered":"\t\t<div data-elementor-type=\"wp-page\" data-elementor-id=\"2677\" class=\"elementor elementor-2677\" data-elementor-post-type=\"page\">\n\t\t\t\t<div class=\"elementor-element elementor-element-5a16afa e-con-full e-flex e-con e-parent\" data-id=\"5a16afa\" data-element_type=\"container\">\n\t\t\t\t<div class=\"elementor-element elementor-element-6e48d6e elementor-widget elementor-widget-button\" data-id=\"6e48d6e\" data-element_type=\"widget\" data-widget_type=\"button.default\">\n\t\t\t\t<div class=\"elementor-widget-container\">\n\t\t\t\t\t\t\t\t\t<div class=\"elementor-button-wrapper\">\n\t\t\t\t\t<a class=\"elementor-button elementor-button-link elementor-size-sm\" href=\"https:\/\/astroblemecharlevoix.org\/index.php\/en\/outdoors-and-hikes\/\">\n\t\t\t\t\t\t<span class=\"elementor-button-content-wrapper\">\n\t\t\t\t\t\t<span class=\"elementor-button-icon\">\n\t\t\t\t<svg aria-hidden=\"true\" class=\"e-font-icon-svg e-fas-arrow-left\" viewBox=\"0 0 448 512\" xmlns=\"http:\/\/www.w3.org\/2000\/svg\"><path d=\"M257.5 445.1l-22.2 22.2c-9.4 9.4-24.6 9.4-33.9 0L7 273c-9.4-9.4-9.4-24.6 0-33.9L201.4 44.7c9.4-9.4 24.6-9.4 33.9 0l22.2 22.2c9.5 9.5 9.3 25-.4 34.3L136.6 216H424c13.3 0 24 10.7 24 24v32c0 13.3-10.7 24-24 24H136.6l120.5 114.8c9.8 9.3 10 24.8.4 34.3z\"><\/path><\/svg>\t\t\t<\/span>\n\t\t\t\t\t\t\t\t\t<span class=\"elementor-button-text\">Go back<\/span>\n\t\t\t\t\t<\/span>\n\t\t\t\t\t<\/a>\n\t\t\t\t<\/div>\n\t\t\t\t\t\t\t\t<\/div>\n\t\t\t\t<\/div>\n\t\t\t\t<div class=\"elementor-element elementor-element-0077196 elementor-invisible elementor-widget elementor-widget-heading\" data-id=\"0077196\" data-element_type=\"widget\" data-settings=\"{&quot;_animation&quot;:&quot;fadeInUp&quot;}\" data-widget_type=\"heading.default\">\n\t\t\t\t<div class=\"elementor-widget-container\">\n\t\t\t\t\t<h2 class=\"elementor-heading-title elementor-size-default\">Strolling at the speed of light<\/h2>\t\t\t\t<\/div>\n\t\t\t\t<\/div>\n\t\t\t\t<\/div>\n\t\t<div class=\"elementor-element elementor-element-12ab857 e-con-full e-flex elementor-invisible e-con e-parent\" data-id=\"12ab857\" data-element_type=\"container\" data-settings=\"{&quot;animation&quot;:&quot;fadeInUp&quot;}\">\n\t\t<div class=\"elementor-element elementor-element-c38828e e-con-full e-flex e-con e-child\" data-id=\"c38828e\" data-element_type=\"container\" data-settings=\"{&quot;background_background&quot;:&quot;classic&quot;}\">\n\t\t\t\t<div class=\"elementor-element elementor-element-ba09c7f elementor-widget-mobile__width-initial elementor-widget elementor-widget-text-editor\" data-id=\"ba09c7f\" data-element_type=\"widget\" data-widget_type=\"text-editor.default\">\n\t\t\t\t<div class=\"elementor-widget-container\">\n\t\t\t\t\t\t\t\t\t<p class=\"font_8 wixui-rich-text__text\"><span class=\"wixui-rich-text__text\"><span class=\"wixGuard wixui-rich-text__text\">\u200b<\/span><\/span><span class=\"wixui-rich-text__text\">The starting point of your interplanetary journey is in front of the\u00a0Fairmont le Manoir Richelieu, in\u00a0La Malbaie, Qu\u00e9bec, Canada. Indeed, along a superb 3 km easy hiking trail, you will encounter scale model of the Sun and planets installed on interpretation panels.<\/span><\/p><p class=\"font_8 wixui-rich-text__text\"><span class=\"wixui-rich-text__text\"><span class=\"wixGuard wixui-rich-text__text\">\u200b<\/span><\/span><span class=\"wixui-rich-text__text\">This model is\u00a01 500 000 000 times smaller than the real Solar System. It has been introduced in 2009 in company of the famous astrophycisit Hubert Reeves during the UNESCO international year of astronomy.<\/span><\/p><p class=\"font_8 wixui-rich-text__text\"><span class=\"wixui-rich-text__text\"><span class=\"wixGuard wixui-rich-text__text\">\u200b<\/span><\/span><span class=\"wixui-rich-text__text\">For an educationnal purpose only, here are PDF copies of our panels:<\/span><\/p><p class=\"font_8 wixui-rich-text__text\" style=\"text-align: center;\"><a class=\"wixui-rich-text__text\" href=\"https:\/\/en.astroblemecharlevoix.org\/_files\/ugd\/277eeb_2812973737864c278108b4743e10533b.pdf\" target=\"_blank\" rel=\"noopener\"><span class=\"wixui-rich-text__text\">Introduction,\u00a0<\/span><\/a><a class=\"wixui-rich-text__text\" href=\"https:\/\/en.astroblemecharlevoix.org\/_files\/ugd\/277eeb_fa2957c9ffc94efda04c22819fa09670.pdf\" target=\"_blank\" rel=\"noopener\"><span class=\"wixui-rich-text__text\">Sun,<\/span><\/a><\/p><p class=\"font_8 wixui-rich-text__text\" style=\"text-align: center;\"><a class=\"wixui-rich-text__text\" href=\"https:\/\/en.astroblemecharlevoix.org\/_files\/ugd\/277eeb_fa2957c9ffc94efda04c22819fa09670.pdf\" target=\"_blank\" rel=\"noopener\"><span class=\"wixui-rich-text__text\">\u00a0<\/span><\/a><a class=\"wixui-rich-text__text\" href=\"https:\/\/en.astroblemecharlevoix.org\/_files\/ugd\/277eeb_f6dc807783ec4995b4b67cc680fe635e.pdf\" target=\"_blank\" rel=\"noopener\"><span class=\"wixui-rich-text__text\">Mercury, \u00a0<\/span><\/a><a class=\"wixui-rich-text__text\" href=\"https:\/\/en.astroblemecharlevoix.org\/_files\/ugd\/277eeb_378eb95090154f1bb182f91abc654a07.pdf\" target=\"_blank\" rel=\"noopener\"><span class=\"wixui-rich-text__text\">Venus,<\/span><\/a><a class=\"wixui-rich-text__text\" href=\"https:\/\/en.astroblemecharlevoix.org\/_files\/ugd\/277eeb_50b7b697328245369f55c8375223b54f.pdf\" target=\"_blank\" rel=\"noopener\"><span class=\"wixui-rich-text__text\">\u00a0Earth,\u00a0<\/span><\/a><a class=\"wixui-rich-text__text\" href=\"https:\/\/en.astroblemecharlevoix.org\/_files\/ugd\/277eeb_56548332e70949d9a1ef88ad72f094b1.pdf\" target=\"_blank\" rel=\"noopener\"><span class=\"wixui-rich-text__text\">Mars,<\/span><\/a><\/p><p class=\"font_8 wixui-rich-text__text\" style=\"text-align: center;\"><a class=\"wixui-rich-text__text\" href=\"https:\/\/en.astroblemecharlevoix.org\/_files\/ugd\/277eeb_532c674e43c248379f47e83befd325d5.pdf\" target=\"_blank\" rel=\"noopener\"><span class=\"wixui-rich-text__text\">Jupiter,\u00a0<\/span><\/a><a class=\"wixui-rich-text__text\" href=\"https:\/\/en.astroblemecharlevoix.org\/_files\/ugd\/277eeb_a7e14405601c4047bbe4ceb84823e5b0.pdf\" target=\"_blank\" rel=\"noopener\"><span class=\"wixui-rich-text__text\">Saturn,\u00a0<\/span><\/a><\/p><p class=\"font_8 wixui-rich-text__text\" style=\"text-align: center;\"><a class=\"wixui-rich-text__text\" href=\"https:\/\/en.astroblemecharlevoix.org\/_files\/ugd\/277eeb_2fe8ecf540ee4a6385440f2966efec50.pdf\" target=\"_blank\" rel=\"noopener\"><span class=\"wixui-rich-text__text\">Uranus,\u00a0<\/span><\/a><a class=\"wixui-rich-text__text\" href=\"https:\/\/en.astroblemecharlevoix.org\/_files\/ugd\/277eeb_ea4287346ae64fd78e37ad6a31e4cb99.pdf\" target=\"_blank\" rel=\"noopener\"><span class=\"wixui-rich-text__text\">Neptune<\/span><\/a><\/p><p class=\"font_8 wixui-rich-text__text\" style=\"text-align: center;\">\u00a0<\/p>\t\t\t\t\t\t\t\t<\/div>\n\t\t\t\t<\/div>\n\t\t\t\t<\/div>\n\t\t<div class=\"elementor-element elementor-element-49180f3 e-con-full elementor-hidden-tablet elementor-hidden-mobile e-flex e-con e-child\" data-id=\"49180f3\" data-element_type=\"container\" data-settings=\"{&quot;background_background&quot;:&quot;classic&quot;}\">\n\t\t\t\t<\/div>\n\t\t\t\t<\/div>\n\t\t<div class=\"elementor-element elementor-element-5e54c64 e-flex e-con-boxed e-con e-parent\" data-id=\"5e54c64\" data-element_type=\"container\">\n\t\t\t\t\t<div class=\"e-con-inner\">\n\t\t\t\t<div class=\"elementor-element elementor-element-21273aa elementor-widget elementor-widget-spacer\" data-id=\"21273aa\" data-element_type=\"widget\" data-widget_type=\"spacer.default\">\n\t\t\t\t<div class=\"elementor-widget-container\">\n\t\t\t\t\t\t\t<div class=\"elementor-spacer\">\n\t\t\t<div class=\"elementor-spacer-inner\"><\/div>\n\t\t<\/div>\n\t\t\t\t\t\t<\/div>\n\t\t\t\t<\/div>\n\t\t\t\t\t<\/div>\n\t\t\t\t<\/div>\n\t\t<div class=\"elementor-element elementor-element-7c353da e-con-full e-flex e-con e-parent\" data-id=\"7c353da\" data-element_type=\"container\">\n\t\t<div class=\"elementor-element elementor-element-25436f0 e-con-full e-flex e-con e-child\" data-id=\"25436f0\" data-element_type=\"container\">\n\t\t\t\t<div class=\"elementor-element elementor-element-ef1de48 elementor-widget elementor-widget-gallery\" data-id=\"ef1de48\" data-element_type=\"widget\" data-settings=\"{&quot;lazyload&quot;:&quot;yes&quot;,&quot;gallery_layout&quot;:&quot;grid&quot;,&quot;columns&quot;:4,&quot;columns_tablet&quot;:2,&quot;columns_mobile&quot;:1,&quot;gap&quot;:{&quot;unit&quot;:&quot;px&quot;,&quot;size&quot;:10,&quot;sizes&quot;:[]},&quot;gap_tablet&quot;:{&quot;unit&quot;:&quot;px&quot;,&quot;size&quot;:10,&quot;sizes&quot;:[]},&quot;gap_mobile&quot;:{&quot;unit&quot;:&quot;px&quot;,&quot;size&quot;:10,&quot;sizes&quot;:[]},&quot;link_to&quot;:&quot;file&quot;,&quot;aspect_ratio&quot;:&quot;3:2&quot;,&quot;overlay_background&quot;:&quot;yes&quot;,&quot;content_hover_animation&quot;:&quot;fade-in&quot;}\" data-widget_type=\"gallery.default\">\n\t\t\t\t<div class=\"elementor-widget-container\">\n\t\t\t\t\t\t\t<div class=\"elementor-gallery__container\">\n\t\t\t\t\t\t\t<a class=\"e-gallery-item elementor-gallery-item elementor-animated-content\" href=\"https:\/\/astroblemecharlevoix.org\/wp-content\/uploads\/2025\/05\/IMG_0703_4_5-1-scaled.jpg\" data-elementor-open-lightbox=\"yes\" data-elementor-lightbox-slideshow=\"ef1de48\" data-elementor-lightbox-title=\"int-astro\" data-elementor-lightbox-description=\"Int\u00e9rieur des locaux de l&#039;astrobl\u00e8me avec diff\u00e9rents pr\u00e9sentoirs \" data-e-action-hash=\"#elementor-action%3Aaction%3Dlightbox%26settings%3DeyJpZCI6MTQ1OCwidXJsIjoiaHR0cHM6XC9cL2FzdHJvYmxlbWVjaGFybGV2b2l4Lm9yZ1wvd3AtY29udGVudFwvdXBsb2Fkc1wvMjAyNVwvMDVcL0lNR18wNzAzXzRfNS0xLXNjYWxlZC5qcGciLCJzbGlkZXNob3ciOiJlZjFkZTQ4In0%3D\">\n\t\t\t\t\t<div class=\"e-gallery-image elementor-gallery-item__image\" data-thumbnail=\"https:\/\/astroblemecharlevoix.org\/wp-content\/uploads\/2025\/05\/IMG_0703_4_5-1-300x200.jpg\" data-width=\"300\" data-height=\"200\" aria-label=\"Int\u00e9rieur des locaux de l&#039;astrobl\u00e8me avec diff\u00e9rents pr\u00e9sentoirs\" role=\"img\" ><\/div>\n\t\t\t\t\t\t\t\t\t\t\t<div class=\"elementor-gallery-item__overlay\"><\/div>\n\t\t\t\t\t\t\t\t\t\t\t\t\t\t<\/a>\n\t\t\t\t\t\t\t<a class=\"e-gallery-item elementor-gallery-item elementor-animated-content\" href=\"https:\/\/astroblemecharlevoix.org\/wp-content\/uploads\/2025\/05\/IMG_5035-Enhanced-NR_Lr_portfolio-scaled-e1747089741284.jpg\" data-elementor-open-lightbox=\"yes\" data-elementor-lightbox-slideshow=\"ef1de48\" data-elementor-lightbox-title=\"equipe-astro\" data-elementor-lightbox-description=\"Equipe de l&#039;astrobl\u00e8me \" data-e-action-hash=\"#elementor-action%3Aaction%3Dlightbox%26settings%3DeyJpZCI6MTQ1NywidXJsIjoiaHR0cHM6XC9cL2FzdHJvYmxlbWVjaGFybGV2b2l4Lm9yZ1wvd3AtY29udGVudFwvdXBsb2Fkc1wvMjAyNVwvMDVcL0lNR181MDM1LUVuaGFuY2VkLU5SX0xyX3BvcnRmb2xpby1zY2FsZWQtZTE3NDcwODk3NDEyODQuanBnIiwic2xpZGVzaG93IjoiZWYxZGU0OCJ9\">\n\t\t\t\t\t<div class=\"e-gallery-image elementor-gallery-item__image\" data-thumbnail=\"https:\/\/astroblemecharlevoix.org\/wp-content\/uploads\/2025\/05\/IMG_5035-Enhanced-NR_Lr_portfolio-scaled-e1747089741284-300x146.jpg\" data-width=\"300\" data-height=\"146\" aria-label=\"Equipe de l&#039;astrobl\u00e8me\" role=\"img\" ><\/div>\n\t\t\t\t\t\t\t\t\t\t\t<div class=\"elementor-gallery-item__overlay\"><\/div>\n\t\t\t\t\t\t\t\t\t\t\t\t\t\t<\/a>\n\t\t\t\t\t\t\t<a class=\"e-gallery-item elementor-gallery-item elementor-animated-content\" href=\"https:\/\/astroblemecharlevoix.org\/wp-content\/uploads\/2025\/05\/IMG_6068-scaled.jpg\" data-elementor-open-lightbox=\"yes\" data-elementor-lightbox-slideshow=\"ef1de48\" data-elementor-lightbox-title=\"ext-kayak\" data-elementor-lightbox-description=\"Bord du lac avec des kayaks sur le sol\" data-e-action-hash=\"#elementor-action%3Aaction%3Dlightbox%26settings%3DeyJpZCI6MTM1NiwidXJsIjoiaHR0cHM6XC9cL2FzdHJvYmxlbWVjaGFybGV2b2l4Lm9yZ1wvd3AtY29udGVudFwvdXBsb2Fkc1wvMjAyNVwvMDVcL0lNR182MDY4LXNjYWxlZC5qcGciLCJzbGlkZXNob3ciOiJlZjFkZTQ4In0%3D\">\n\t\t\t\t\t<div class=\"e-gallery-image elementor-gallery-item__image\" data-thumbnail=\"https:\/\/astroblemecharlevoix.org\/wp-content\/uploads\/2025\/05\/IMG_6068-300x225.jpg\" data-width=\"300\" data-height=\"225\" aria-label=\"Bord du lac avec des kayaks sur le sol\" role=\"img\" ><\/div>\n\t\t\t\t\t\t\t\t\t\t\t<div class=\"elementor-gallery-item__overlay\"><\/div>\n\t\t\t\t\t\t\t\t\t\t\t\t\t\t<\/a>\n\t\t\t\t\t\t\t<a class=\"e-gallery-item elementor-gallery-item elementor-animated-content\" href=\"https:\/\/astroblemecharlevoix.org\/wp-content\/uploads\/2025\/05\/IMG_5305_Lr-1-scaled.jpg\" data-elementor-open-lightbox=\"yes\" data-elementor-lightbox-slideshow=\"ef1de48\" data-elementor-lightbox-title=\"presentation-planete-2\" data-elementor-lightbox-description=\"Homme de cot\u00e9 en train de pr\u00e9sent\u00e9 une image projet\u00e9 sur un tableau prise au t\u00e9lescope de la Terre\" data-e-action-hash=\"#elementor-action%3Aaction%3Dlightbox%26settings%3DeyJpZCI6OTY2LCJ1cmwiOiJodHRwczpcL1wvYXN0cm9ibGVtZWNoYXJsZXZvaXgub3JnXC93cC1jb250ZW50XC91cGxvYWRzXC8yMDI1XC8wNVwvSU1HXzUzMDVfTHItMS1zY2FsZWQuanBnIiwic2xpZGVzaG93IjoiZWYxZGU0OCJ9\">\n\t\t\t\t\t<div class=\"e-gallery-image elementor-gallery-item__image\" data-thumbnail=\"https:\/\/astroblemecharlevoix.org\/wp-content\/uploads\/2025\/05\/IMG_5305_Lr-1-300x200.jpg\" data-width=\"300\" data-height=\"200\" aria-label=\"Homme de cot\u00e9 en train de pr\u00e9sent\u00e9 une image projet\u00e9 sur un tableau prise au t\u00e9lescope de la Terre\" role=\"img\" ><\/div>\n\t\t\t\t\t\t\t\t\t\t\t<div class=\"elementor-gallery-item__overlay\"><\/div>\n\t\t\t\t\t\t\t\t\t\t\t\t\t\t<\/a>\n\t\t\t\t\t\t\t<a class=\"e-gallery-item elementor-gallery-item elementor-animated-content\" href=\"https:\/\/astroblemecharlevoix.org\/wp-content\/uploads\/2025\/05\/IMG_5286_Lr-scaled.jpg\" data-elementor-open-lightbox=\"yes\" data-elementor-lightbox-slideshow=\"ef1de48\" data-elementor-lightbox-title=\"presentation-planete-1\" data-elementor-lightbox-description=\"Homme de cot\u00e9 en train de pr\u00e9sent\u00e9 une image projet\u00e9 sur un tableau prise au t\u00e9lescope d&#039;une plan\u00e8te\" data-e-action-hash=\"#elementor-action%3Aaction%3Dlightbox%26settings%3DeyJpZCI6OTY1LCJ1cmwiOiJodHRwczpcL1wvYXN0cm9ibGVtZWNoYXJsZXZvaXgub3JnXC93cC1jb250ZW50XC91cGxvYWRzXC8yMDI1XC8wNVwvSU1HXzUyODZfTHItc2NhbGVkLmpwZyIsInNsaWRlc2hvdyI6ImVmMWRlNDgifQ%3D%3D\">\n\t\t\t\t\t<div class=\"e-gallery-image elementor-gallery-item__image\" data-thumbnail=\"https:\/\/astroblemecharlevoix.org\/wp-content\/uploads\/2025\/05\/IMG_5286_Lr-300x200.jpg\" data-width=\"300\" data-height=\"200\" aria-label=\"Homme de cot\u00e9 en train de pr\u00e9sent\u00e9 une image projet\u00e9 sur un tableau prise au t\u00e9lescope d&#039;une plan\u00e8te\" role=\"img\" ><\/div>\n\t\t\t\t\t\t\t\t\t\t\t<div class=\"elementor-gallery-item__overlay\"><\/div>\n\t\t\t\t\t\t\t\t\t\t\t\t\t\t<\/a>\n\t\t\t\t\t\t\t<a class=\"e-gallery-item elementor-gallery-item elementor-animated-content\" href=\"https:\/\/astroblemecharlevoix.org\/wp-content\/uploads\/2025\/05\/IMG_5187_Lr_portfolio-scaled-e1746727132286.jpg\" data-elementor-open-lightbox=\"yes\" data-elementor-lightbox-slideshow=\"ef1de48\" data-elementor-lightbox-title=\"presentation-groupe-NB\" data-elementor-lightbox-description=\"Homme de dos en train de faire une pr\u00e9sentation \u00e0 groupe d&#039;adolescent en noir et blanc\" data-e-action-hash=\"#elementor-action%3Aaction%3Dlightbox%26settings%3DeyJpZCI6OTQ0LCJ1cmwiOiJodHRwczpcL1wvYXN0cm9ibGVtZWNoYXJsZXZvaXgub3JnXC93cC1jb250ZW50XC91cGxvYWRzXC8yMDI1XC8wNVwvSU1HXzUxODdfTHJfcG9ydGZvbGlvLXNjYWxlZC1lMTc0NjcyNzEzMjI4Ni5qcGciLCJzbGlkZXNob3ciOiJlZjFkZTQ4In0%3D\">\n\t\t\t\t\t<div class=\"e-gallery-image elementor-gallery-item__image\" data-thumbnail=\"https:\/\/astroblemecharlevoix.org\/wp-content\/uploads\/2025\/05\/IMG_5187_Lr_portfolio-scaled-e1746727132286-208x300.jpg\" data-width=\"208\" data-height=\"300\" aria-label=\"Homme de dos en train de faire une pr\u00e9sentation \u00e0 groupe d&#039;adolescent en noir et blanc\" role=\"img\" ><\/div>\n\t\t\t\t\t\t\t\t\t\t\t<div class=\"elementor-gallery-item__overlay\"><\/div>\n\t\t\t\t\t\t\t\t\t\t\t\t\t\t<\/a>\n\t\t\t\t\t\t\t<a class=\"e-gallery-item elementor-gallery-item elementor-animated-content\" href=\"https:\/\/astroblemecharlevoix.org\/wp-content\/uploads\/2025\/04\/IMG_0706_7_8-scaled-e1746740300429.jpg\" data-elementor-open-lightbox=\"yes\" data-elementor-lightbox-slideshow=\"ef1de48\" data-elementor-lightbox-title=\"maquette-lac\" data-elementor-lightbox-description=\"Maquette du lac avec les mot astrobl\u00e8me de Charlevoix \u00e9crit dessus\" data-e-action-hash=\"#elementor-action%3Aaction%3Dlightbox%26settings%3DeyJpZCI6ODQyLCJ1cmwiOiJodHRwczpcL1wvYXN0cm9ibGVtZWNoYXJsZXZvaXgub3JnXC93cC1jb250ZW50XC91cGxvYWRzXC8yMDI1XC8wNFwvSU1HXzA3MDZfN184LXNjYWxlZC1lMTc0Njc0MDMwMDQyOS5qcGciLCJzbGlkZXNob3ciOiJlZjFkZTQ4In0%3D\">\n\t\t\t\t\t<div class=\"e-gallery-image elementor-gallery-item__image\" data-thumbnail=\"https:\/\/astroblemecharlevoix.org\/wp-content\/uploads\/2025\/04\/IMG_0706_7_8-scaled-e1746740300429-223x300.jpg\" data-width=\"223\" data-height=\"300\" aria-label=\"Maquette du lac avec les mot astrobl\u00e8me de Charlevoix \u00e9crit dessus\" role=\"img\" ><\/div>\n\t\t\t\t\t\t\t\t\t\t\t<div class=\"elementor-gallery-item__overlay\"><\/div>\n\t\t\t\t\t\t\t\t\t\t\t\t\t\t<\/a>\n\t\t\t\t\t\t\t<a class=\"e-gallery-item elementor-gallery-item elementor-animated-content\" href=\"https:\/\/astroblemecharlevoix.org\/wp-content\/uploads\/2025\/04\/IMG_0697_8_9-scaled.jpg\" data-elementor-open-lightbox=\"yes\" data-elementor-lightbox-slideshow=\"ef1de48\" data-elementor-lightbox-title=\"manoir-astro-ext\" data-elementor-lightbox-description=\"Ext\u00e9rieur du manoir de l&#039;astrobl\u00e8me\" data-e-action-hash=\"#elementor-action%3Aaction%3Dlightbox%26settings%3DeyJpZCI6NzcsInVybCI6Imh0dHBzOlwvXC9hc3Ryb2JsZW1lY2hhcmxldm9peC5vcmdcL3dwLWNvbnRlbnRcL3VwbG9hZHNcLzIwMjVcLzA0XC9JTUdfMDY5N184Xzktc2NhbGVkLmpwZyIsInNsaWRlc2hvdyI6ImVmMWRlNDgifQ%3D%3D\">\n\t\t\t\t\t<div class=\"e-gallery-image elementor-gallery-item__image\" data-thumbnail=\"https:\/\/astroblemecharlevoix.org\/wp-content\/uploads\/2025\/04\/IMG_0697_8_9-300x200.jpg\" data-width=\"300\" data-height=\"200\" aria-label=\"Ext\u00e9rieur du manoir de l&#039;astrobl\u00e8me\" role=\"img\" ><\/div>\n\t\t\t\t\t\t\t\t\t\t\t<div class=\"elementor-gallery-item__overlay\"><\/div>\n\t\t\t\t\t\t\t\t\t\t\t\t\t\t<\/a>\n\t\t\t\t\t\t\t<a class=\"e-gallery-item elementor-gallery-item elementor-animated-content\" href=\"https:\/\/astroblemecharlevoix.org\/wp-content\/uploads\/2025\/04\/Observatoire_astrobleme_conepercussion_femme-1-scaled.jpg\" data-elementor-open-lightbox=\"yes\" data-elementor-lightbox-slideshow=\"ef1de48\" data-elementor-lightbox-title=\"Observatoire_astrobleme_conepercussion_femme\" data-elementor-lightbox-description=\"Femme en train de toucher une roche pr\u00e9senter en int\u00e9rieur\" data-e-action-hash=\"#elementor-action%3Aaction%3Dlightbox%26settings%3DeyJpZCI6NTE4LCJ1cmwiOiJodHRwczpcL1wvYXN0cm9ibGVtZWNoYXJsZXZvaXgub3JnXC93cC1jb250ZW50XC91cGxvYWRzXC8yMDI1XC8wNFwvT2JzZXJ2YXRvaXJlX2FzdHJvYmxlbWVfY29uZXBlcmN1c3Npb25fZmVtbWUtMS1zY2FsZWQuanBnIiwic2xpZGVzaG93IjoiZWYxZGU0OCJ9\">\n\t\t\t\t\t<div class=\"e-gallery-image elementor-gallery-item__image\" data-thumbnail=\"https:\/\/astroblemecharlevoix.org\/wp-content\/uploads\/2025\/04\/Observatoire_astrobleme_conepercussion_femme-1-300x225.jpg\" data-width=\"300\" data-height=\"225\" aria-label=\"Femme en train de toucher une roche pr\u00e9senter en int\u00e9rieur\" role=\"img\" ><\/div>\n\t\t\t\t\t\t\t\t\t\t\t<div class=\"elementor-gallery-item__overlay\"><\/div>\n\t\t\t\t\t\t\t\t\t\t\t\t\t\t<\/a>\n\t\t\t\t\t\t\t<a class=\"e-gallery-item elementor-gallery-item elementor-animated-content\" href=\"https:\/\/astroblemecharlevoix.org\/wp-content\/uploads\/2025\/04\/IMG_5187_Lr_portfolio-scaled.jpg\" data-elementor-open-lightbox=\"yes\" data-elementor-lightbox-slideshow=\"ef1de48\" data-elementor-lightbox-title=\"presentation-groupe\" data-elementor-lightbox-description=\"Homme de dos en train de faire une pr\u00e9sentation \u00e0 groupe d&#039;adolescent \" data-e-action-hash=\"#elementor-action%3Aaction%3Dlightbox%26settings%3DeyJpZCI6NTIxLCJ1cmwiOiJodHRwczpcL1wvYXN0cm9ibGVtZWNoYXJsZXZvaXgub3JnXC93cC1jb250ZW50XC91cGxvYWRzXC8yMDI1XC8wNFwvSU1HXzUxODdfTHJfcG9ydGZvbGlvLXNjYWxlZC5qcGciLCJzbGlkZXNob3ciOiJlZjFkZTQ4In0%3D\">\n\t\t\t\t\t<div class=\"e-gallery-image elementor-gallery-item__image\" data-thumbnail=\"https:\/\/astroblemecharlevoix.org\/wp-content\/uploads\/2025\/04\/IMG_5187_Lr_portfolio-300x200.jpg\" data-width=\"300\" data-height=\"200\" aria-label=\"Homme de dos en train de faire une pr\u00e9sentation \u00e0 groupe d&#039;adolescent\" role=\"img\" ><\/div>\n\t\t\t\t\t\t\t\t\t\t\t<div class=\"elementor-gallery-item__overlay\"><\/div>\n\t\t\t\t\t\t\t\t\t\t\t\t\t\t<\/a>\n\t\t\t\t\t\t\t<a class=\"e-gallery-item elementor-gallery-item elementor-animated-content\" href=\"https:\/\/astroblemecharlevoix.org\/wp-content\/uploads\/2025\/04\/IMG_0700_1_2-1-scaled.jpg\" data-elementor-open-lightbox=\"yes\" data-elementor-lightbox-slideshow=\"ef1de48\" data-elementor-lightbox-title=\"entree-astro-ext\" data-elementor-lightbox-description=\"Porte d&#039;entr\u00e9e de l&#039;Astrobl\u00e8me \" data-e-action-hash=\"#elementor-action%3Aaction%3Dlightbox%26settings%3DeyJpZCI6NTQ0LCJ1cmwiOiJodHRwczpcL1wvYXN0cm9ibGVtZWNoYXJsZXZvaXgub3JnXC93cC1jb250ZW50XC91cGxvYWRzXC8yMDI1XC8wNFwvSU1HXzA3MDBfMV8yLTEtc2NhbGVkLmpwZyIsInNsaWRlc2hvdyI6ImVmMWRlNDgifQ%3D%3D\">\n\t\t\t\t\t<div class=\"e-gallery-image elementor-gallery-item__image\" data-thumbnail=\"https:\/\/astroblemecharlevoix.org\/wp-content\/uploads\/2025\/04\/IMG_0700_1_2-1-300x200.jpg\" data-width=\"300\" data-height=\"200\" aria-label=\"Porte d&#039;entr\u00e9e de l&#039;Astrobl\u00e8me\" role=\"img\" ><\/div>\n\t\t\t\t\t\t\t\t\t\t\t<div class=\"elementor-gallery-item__overlay\"><\/div>\n\t\t\t\t\t\t\t\t\t\t\t\t\t\t<\/a>\n\t\t\t\t\t<\/div>\n\t\t\t\t\t<\/div>\n\t\t\t\t<\/div>\n\t\t\t\t<\/div>\n\t\t\t\t<\/div>\n\t\t\t\t<\/div>\n\t\t","protected":false},"excerpt":{"rendered":"<p>Go back Strolling at the speed of light \u200bThe starting point of your interplanetary journey is in front of the\u00a0Fairmont le Manoir Richelieu, in\u00a0La Malbaie, Qu\u00e9bec, Canada. Indeed, along a superb 3 km easy hiking trail, you will encounter scale model of the Sun and planets installed on interpretation panels. \u200bThis model is\u00a01 500 000 [&hellip;]<\/p>\n","protected":false},"author":1,"featured_media":0,"parent":0,"menu_order":0,"comment_status":"closed","ping_status":"closed","template":"","meta":{"footnotes":""},"class_list":["post-2677","page","type-page","status-publish","hentry"],"_links":{"self":[{"href":"https:\/\/astroblemecharlevoix.org\/index.php\/wp-json\/wp\/v2\/pages\/2677","targetHints":{"allow":["GET"]}}],"collection":[{"href":"https:\/\/astroblemecharlevoix.org\/index.php\/wp-json\/wp\/v2\/pages"}],"about":[{"href":"https:\/\/astroblemecharlevoix.org\/index.php\/wp-json\/wp\/v2\/types\/page"}],"author":[{"embeddable":true,"href":"https:\/\/astroblemecharlevoix.org\/index.php\/wp-json\/wp\/v2\/users\/1"}],"replies":[{"embeddable":true,"href":"https:\/\/astroblemecharlevoix.org\/index.php\/wp-json\/wp\/v2\/comments?post=2677"}],"version-history":[{"count":16,"href":"https:\/\/astroblemecharlevoix.org\/index.php\/wp-json\/wp\/v2\/pages\/2677\/revisions"}],"predecessor-version":[{"id":4185,"href":"https:\/\/astroblemecharlevoix.org\/index.php\/wp-json\/wp\/v2\/pages\/2677\/revisions\/4185"}],"wp:attachment":[{"href":"https:\/\/astroblemecharlevoix.org\/index.php\/wp-json\/wp\/v2\/media?parent=2677"}],"curies":[{"name":"wp","href":"https:\/\/api.w.org\/{rel}","templated":true}]}}