{"id":2361,"date":"2025-05-12T13:40:31","date_gmt":"2025-05-12T17:40:31","guid":{"rendered":"https:\/\/astroblemecharlevoix.org\/?page_id=2361"},"modified":"2026-04-08T16:15:36","modified_gmt":"2026-04-08T20:15:36","slug":"randonnee-de-geologie","status":"publish","type":"page","link":"https:\/\/astroblemecharlevoix.org\/index.php\/randonnee-de-geologie\/","title":{"rendered":"Randonn\u00e9e de g\u00e9ologie"},"content":{"rendered":"\t\t<div data-elementor-type=\"wp-page\" data-elementor-id=\"2361\" class=\"elementor elementor-2361\" data-elementor-post-type=\"page\">\n\t\t\t\t<div class=\"elementor-element elementor-element-5a16afa e-con-full e-flex e-con e-parent\" data-id=\"5a16afa\" data-element_type=\"container\">\n\t\t\t\t<div class=\"elementor-element elementor-element-6e48d6e elementor-widget elementor-widget-button\" data-id=\"6e48d6e\" data-element_type=\"widget\" data-widget_type=\"button.default\">\n\t\t\t\t<div class=\"elementor-widget-container\">\n\t\t\t\t\t\t\t\t\t<div class=\"elementor-button-wrapper\">\n\t\t\t\t\t<a class=\"elementor-button elementor-button-link elementor-size-sm\" href=\"https:\/\/astroblemecharlevoix.org\/index.php\/plein-air-et-randonnees\/\">\n\t\t\t\t\t\t<span class=\"elementor-button-content-wrapper\">\n\t\t\t\t\t\t<span class=\"elementor-button-icon\">\n\t\t\t\t<svg aria-hidden=\"true\" class=\"e-font-icon-svg e-fas-arrow-left\" viewBox=\"0 0 448 512\" xmlns=\"http:\/\/www.w3.org\/2000\/svg\"><path d=\"M257.5 445.1l-22.2 22.2c-9.4 9.4-24.6 9.4-33.9 0L7 273c-9.4-9.4-9.4-24.6 0-33.9L201.4 44.7c9.4-9.4 24.6-9.4 33.9 0l22.2 22.2c9.5 9.5 9.3 25-.4 34.3L136.6 216H424c13.3 0 24 10.7 24 24v32c0 13.3-10.7 24-24 24H136.6l120.5 114.8c9.8 9.3 10 24.8.4 34.3z\"><\/path><\/svg>\t\t\t<\/span>\n\t\t\t\t\t\t\t\t\t<span class=\"elementor-button-text\">Retour<\/span>\n\t\t\t\t\t<\/span>\n\t\t\t\t\t<\/a>\n\t\t\t\t<\/div>\n\t\t\t\t\t\t\t\t<\/div>\n\t\t\t\t<\/div>\n\t\t\t\t<div class=\"elementor-element elementor-element-0077196 elementor-invisible elementor-widget elementor-widget-heading\" data-id=\"0077196\" data-element_type=\"widget\" data-settings=\"{&quot;_animation&quot;:&quot;fadeInUp&quot;}\" data-widget_type=\"heading.default\">\n\t\t\t\t<div class=\"elementor-widget-container\">\n\t\t\t\t\t<h2 class=\"elementor-heading-title elementor-size-default\">Les tr\u00e9sors de Cap-\u00e0-l'Aigle<\/h2>\t\t\t\t<\/div>\n\t\t\t\t<\/div>\n\t\t\t\t<\/div>\n\t\t<div class=\"elementor-element elementor-element-12ab857 e-con-full e-flex elementor-invisible e-con e-parent\" data-id=\"12ab857\" data-element_type=\"container\" data-settings=\"{&quot;animation&quot;:&quot;fadeInUp&quot;}\">\n\t\t<div class=\"elementor-element elementor-element-c38828e e-con-full e-flex e-con e-child\" data-id=\"c38828e\" data-element_type=\"container\" data-settings=\"{&quot;background_background&quot;:&quot;classic&quot;}\">\n\t\t\t\t<div class=\"elementor-element elementor-element-ba09c7f elementor-widget elementor-widget-text-editor\" data-id=\"ba09c7f\" data-element_type=\"widget\" data-widget_type=\"text-editor.default\">\n\t\t\t\t<div class=\"elementor-widget-container\">\n\t\t\t\t\t\t\t\t\t<div id=\"comp-lsxp9fx0\" class=\"HcOXKn c9GqVL QxJLC3 lq2cno YQcXTT comp-lsxp9fx0 wixui-rich-text\" data-testid=\"richTextElement\"><p class=\"font_7 wixui-rich-text__text\">\u00c0 La Malbaie, en bordure du Fleuve St-Laurent, une g\u00e9ologie refl\u00e9tant le pass\u00e9 tourment\u00e9 de Charlevoix vous attend. Douze affleurements rocheux diff\u00e9rents seront visit\u00e9s durant une excursion guid\u00e9e dans un d\u00e9cor magique, et tellement calme! Ce sera l&rsquo;occasion de mieux comprendre le pass\u00e9 de la r\u00e9gion et de le vivre!<\/p><\/div>\t\t\t\t\t\t\t\t<\/div>\n\t\t\t\t<\/div>\n\t\t\t\t<\/div>\n\t\t<div class=\"elementor-element elementor-element-49180f3 e-con-full elementor-hidden-tablet elementor-hidden-mobile e-flex e-con e-child\" data-id=\"49180f3\" data-element_type=\"container\" data-settings=\"{&quot;background_background&quot;:&quot;classic&quot;}\">\n\t\t\t\t<\/div>\n\t\t\t\t<\/div>\n\t\t<div class=\"elementor-element elementor-element-0afac35 e-con-full e-flex elementor-invisible e-con e-parent\" data-id=\"0afac35\" data-element_type=\"container\" data-settings=\"{&quot;animation&quot;:&quot;fadeInUp&quot;}\">\n\t\t<div class=\"elementor-element elementor-element-9c2a11f e-con-full e-flex e-con e-child\" data-id=\"9c2a11f\" data-element_type=\"container\" data-settings=\"{&quot;background_background&quot;:&quot;classic&quot;}\">\n\t\t\t\t<div class=\"elementor-element elementor-element-002a5c0 elementor-widget elementor-widget-heading\" data-id=\"002a5c0\" data-element_type=\"widget\" data-widget_type=\"heading.default\">\n\t\t\t\t<div class=\"elementor-widget-container\">\n\t\t\t\t\t<h2 class=\"elementor-heading-title elementor-size-default\">D\u00e9roulement de l'activit\u00e9<\/h2>\t\t\t\t<\/div>\n\t\t\t\t<\/div>\n\t\t\t\t<div class=\"elementor-element elementor-element-4fb899b elementor-widget elementor-widget-text-editor\" data-id=\"4fb899b\" data-element_type=\"widget\" data-widget_type=\"text-editor.default\">\n\t\t\t\t<div class=\"elementor-widget-container\">\n\t\t\t\t\t\t\t\t\t<div id=\"comp-lsxp9fx0\" class=\"HcOXKn c9GqVL QxJLC3 lq2cno YQcXTT comp-lsxp9fx0 wixui-rich-text\" data-testid=\"richTextElement\"><ol style=\"text-align: center;\"><li style=\"text-align: left;\">Accueil des participants au parc Le P\u00e9lican<\/li><li class=\"font_8 wixui-rich-text__text\" style=\"text-align: left;\"><span class=\"wixui-rich-text__text\">Fo<\/span><span class=\"wixui-rich-text__text\">nctionnement de l&rsquo;activit\u00e9, v\u00e9rification de l&rsquo;\u00e9quipement et de l&rsquo;admissibilit\u00e9 de tous.<\/span><\/li><li class=\"font_8 wixui-rich-text__text\" style=\"text-align: left;\"><span class=\"wixui-rich-text__text\">Pour que vous puissiez reprendre vo<\/span><span class=\"wixui-rich-text__text\">tre voiture directement \u00e0 la fin de l&rsquo;excursion, chaque conducteur am\u00e8nera\u00a0<\/span><span class=\"wixui-rich-text__text\">sa voiture au point d&rsquo;arriv\u00e9e en suivant la voiture du guide.<\/span><\/li><li class=\"font_8 wixui-rich-text__text\" style=\"text-align: left;\"><span class=\"wixui-rich-text__text\">L&rsquo;excursion commence!!\u00a0<\/span><\/li><\/ol><p>\u00a0<\/p><p style=\"text-align: center;\"><em><span style=\"text-decoration: underline;\">En cas de pluie soutenue, l&rsquo;activit\u00e9 sera annul\u00e9e et vous serez avis\u00e9s par courriel. Nous n&rsquo;annulerons pas d&rsquo;activit\u00e9s en cas de possibilit\u00e9s d&rsquo;averses.<\/span><\/em><\/p><\/div>\t\t\t\t\t\t\t\t<\/div>\n\t\t\t\t<\/div>\n\t\t\t\t<\/div>\n\t\t<div class=\"elementor-element elementor-element-fcfa425 e-con-full elementor-hidden-tablet elementor-hidden-mobile e-flex e-con e-child\" data-id=\"fcfa425\" data-element_type=\"container\" data-settings=\"{&quot;background_background&quot;:&quot;classic&quot;}\">\n\t\t\t\t<div class=\"elementor-element elementor-element-dfe83c3 elementor-widget elementor-widget-heading\" data-id=\"dfe83c3\" data-element_type=\"widget\" data-widget_type=\"heading.default\">\n\t\t\t\t<div class=\"elementor-widget-container\">\n\t\t\t\t\t<h2 class=\"elementor-heading-title elementor-size-default\">En partenariat avec: <\/h2>\t\t\t\t<\/div>\n\t\t\t\t<\/div>\n\t\t<div class=\"elementor-element elementor-element-293cc96 e-con-full e-flex e-con e-child\" data-id=\"293cc96\" data-element_type=\"container\">\n\t\t\t\t<div class=\"elementor-element elementor-element-82fc2b9 elementor-widget elementor-widget-image\" data-id=\"82fc2b9\" data-element_type=\"widget\" data-widget_type=\"image.default\">\n\t\t\t\t<div class=\"elementor-widget-container\">\n\t\t\t\t\t\t\t\t\t\t\t\t\t\t\t<img fetchpriority=\"high\" decoding=\"async\" width=\"300\" height=\"250\" src=\"https:\/\/astroblemecharlevoix.org\/wp-content\/uploads\/2025\/06\/logo-GEOPARC-HR-300x250.png\" class=\"attachment-medium size-medium wp-image-5009\" alt=\"G\u00e9oparc de Charlevoix logo\" srcset=\"https:\/\/astroblemecharlevoix.org\/wp-content\/uploads\/2025\/06\/logo-GEOPARC-HR-300x250.png 300w, https:\/\/astroblemecharlevoix.org\/wp-content\/uploads\/2025\/06\/logo-GEOPARC-HR-1024x853.png 1024w, https:\/\/astroblemecharlevoix.org\/wp-content\/uploads\/2025\/06\/logo-GEOPARC-HR-768x640.png 768w, https:\/\/astroblemecharlevoix.org\/wp-content\/uploads\/2025\/06\/logo-GEOPARC-HR-1536x1279.png 1536w, https:\/\/astroblemecharlevoix.org\/wp-content\/uploads\/2025\/06\/logo-GEOPARC-HR-2048x1706.png 2048w\" sizes=\"(max-width: 300px) 100vw, 300px\" \/>\t\t\t\t\t\t\t\t\t\t\t\t\t\t\t<\/div>\n\t\t\t\t<\/div>\n\t\t\t\t<\/div>\n\t\t\t\t<\/div>\n\t\t\t\t<\/div>\n\t\t<div class=\"elementor-element elementor-element-3609ee4 e-con-full e-flex elementor-invisible e-con e-parent\" data-id=\"3609ee4\" data-element_type=\"container\" data-settings=\"{&quot;animation&quot;:&quot;fadeInUp&quot;}\">\n\t\t<div class=\"elementor-element elementor-element-615361a e-con-full elementor-hidden-tablet elementor-hidden-mobile e-flex e-con e-child\" data-id=\"615361a\" data-element_type=\"container\" data-settings=\"{&quot;background_background&quot;:&quot;classic&quot;}\">\n\t\t\t\t<\/div>\n\t\t<div class=\"elementor-element elementor-element-057d8ea e-con-full e-flex e-con e-child\" data-id=\"057d8ea\" data-element_type=\"container\" data-settings=\"{&quot;background_background&quot;:&quot;classic&quot;}\">\n\t\t\t\t<div class=\"elementor-element elementor-element-23722af elementor-widget elementor-widget-heading\" data-id=\"23722af\" data-element_type=\"widget\" data-widget_type=\"heading.default\">\n\t\t\t\t<div class=\"elementor-widget-container\">\n\t\t\t\t\t<h2 class=\"elementor-heading-title elementor-size-default\">CONDITIONS REQUISES POUR PARTICIPER ET MISE EN GARDE<\/h2>\t\t\t\t<\/div>\n\t\t\t\t<\/div>\n\t\t\t\t<div class=\"elementor-element elementor-element-e126b86 elementor-widget__width-initial elementor-widget elementor-widget-text-editor\" data-id=\"e126b86\" data-element_type=\"widget\" data-widget_type=\"text-editor.default\">\n\t\t\t\t<div class=\"elementor-widget-container\">\n\t\t\t\t\t\t\t\t\t<p style=\"text-align: center;\"><span class=\"wixui-rich-text__text\">L&rsquo;excursion dure environ 3h,<\/span> et la marche en bordure du fleuve est d&rsquo;environ 4 km en <span class=\"wixui-rich-text__text\">terrain souvent accident\u00e9<\/span>, soit un m\u00e9lange d&rsquo;affleurements rocheux, de plages et de gr\u00e8ves pierreuses. La fin de l&rsquo;excursion est un sentier en for\u00eat d&rsquo;environ 450 m de longueur et d&rsquo;un <span class=\"wixui-rich-text__text\">d\u00e9nivel\u00e9 positif de 70 m<\/span>.\u00a0<\/p><ul><li class=\"font_8 wixui-rich-text__text\"><span class=\"wixui-rich-text__text\">Cette excursion demande\u00a0une bonne forme physique.<\/span><\/li><li class=\"font_8 wixui-rich-text__text\"><span class=\"wixui-rich-text__text\">Cette excursion est r\u00e9serv\u00e9e aux\u00a08 ans et plus.<\/span><\/li><li class=\"font_8 wixui-rich-text__text\"><span class=\"wixui-rich-text__text\">Cette excursion est totalement d\u00e9conseill\u00e9e aux personnes avec <\/span><span class=\"wixui-rich-text__text\">des probl\u00e8mes de mobilit\u00e9, d&rsquo;\u00e9quilibre, de perspective, chevilles fragiles, etc.<\/span><\/li><li class=\"font_8 wixui-rich-text__text\"><span class=\"wixui-rich-text__text\"><span class=\"inherit-font-size wixui-rich-text__text\">\u200b<\/span><\/span><span class=\"wixui-rich-text__text\">Tous les participants doivent \u00eatre\u00a0chauss\u00e9s ad\u00e9quatement, <\/span><span class=\"wixui-rich-text__text\">apporter de l&rsquo;eau et une collation.<\/span><\/li><\/ul><p style=\"text-align: center;\"><em><span style=\"text-decoration: underline;\">Nous nous r\u00e9servons le droit de refuser une personne qui pourrait, par son \u00e2ge, sa condition physique ou son \u00e9quipement inad\u00e9quat, compromettre sa propre s\u00e9curit\u00e9, et indirectement celle du groupe.<\/span><\/em><\/p>\t\t\t\t\t\t\t\t<\/div>\n\t\t\t\t<\/div>\n\t\t\t\t<\/div>\n\t\t\t\t<\/div>\n\t\t<div class=\"elementor-element elementor-element-ac3838e e-con-full e-flex elementor-invisible e-con e-parent\" data-id=\"ac3838e\" data-element_type=\"container\" data-settings=\"{&quot;animation&quot;:&quot;fadeInUp&quot;}\">\n\t\t<div class=\"elementor-element elementor-element-1bb430e e-con-full e-flex e-con e-child\" data-id=\"1bb430e\" data-element_type=\"container\" data-settings=\"{&quot;background_background&quot;:&quot;classic&quot;}\">\n\t\t<div class=\"elementor-element elementor-element-176b11c e-con-full e-flex e-con e-child\" data-id=\"176b11c\" data-element_type=\"container\">\n\t\t<div class=\"elementor-element elementor-element-418401a e-con-full e-flex e-con e-child\" data-id=\"418401a\" data-element_type=\"container\">\n\t\t\t\t<div class=\"elementor-element elementor-element-ef4499c elementor-position-left elementor-view-default elementor-mobile-position-top elementor-widget elementor-widget-icon-box\" data-id=\"ef4499c\" data-element_type=\"widget\" data-widget_type=\"icon-box.default\">\n\t\t\t\t<div class=\"elementor-widget-container\">\n\t\t\t\t\t\t\t<div class=\"elementor-icon-box-wrapper\">\n\n\t\t\t\t\t\t<div class=\"elementor-icon-box-icon\">\n\t\t\t\t<span  class=\"elementor-icon\">\n\t\t\t\t<svg aria-hidden=\"true\" class=\"e-font-icon-svg e-fas-clock\" viewBox=\"0 0 512 512\" xmlns=\"http:\/\/www.w3.org\/2000\/svg\"><path d=\"M256,8C119,8,8,119,8,256S119,504,256,504,504,393,504,256,393,8,256,8Zm92.49,313h0l-20,25a16,16,0,0,1-22.49,2.5h0l-67-49.72a40,40,0,0,1-15-31.23V112a16,16,0,0,1,16-16h32a16,16,0,0,1,16,16V256l58,42.5A16,16,0,0,1,348.49,321Z\"><\/path><\/svg>\t\t\t\t<\/span>\n\t\t\t<\/div>\n\t\t\t\n\t\t\t\t\t\t<div class=\"elementor-icon-box-content\">\n\n\t\t\t\t\n\t\t\t\t\t\t\t\t\t<p class=\"elementor-icon-box-description\">\n\t\t\t\t\t\t<u>Dur\u00e9e de la visite guid\u00e9e:<\/u>   Excursion de 4 km de longueur. Terrain accident\u00e9. Finale: mont\u00e9e abrupte de +70 m de d\u00e9nivel\u00e9.\t\t\t\t\t<\/p>\n\t\t\t\t\n\t\t\t<\/div>\n\t\t\t\n\t\t<\/div>\n\t\t\t\t\t\t<\/div>\n\t\t\t\t<\/div>\n\t\t\t\t<div class=\"elementor-element elementor-element-35ed413 elementor-position-left elementor-view-default elementor-mobile-position-top elementor-widget elementor-widget-icon-box\" data-id=\"35ed413\" data-element_type=\"widget\" data-widget_type=\"icon-box.default\">\n\t\t\t\t<div class=\"elementor-widget-container\">\n\t\t\t\t\t\t\t<div class=\"elementor-icon-box-wrapper\">\n\n\t\t\t\t\t\t<div class=\"elementor-icon-box-icon\">\n\t\t\t\t<span  class=\"elementor-icon\">\n\t\t\t\t<svg aria-hidden=\"true\" class=\"e-font-icon-svg e-fas-calendar-alt\" viewBox=\"0 0 448 512\" xmlns=\"http:\/\/www.w3.org\/2000\/svg\"><path d=\"M0 464c0 26.5 21.5 48 48 48h352c26.5 0 48-21.5 48-48V192H0v272zm320-196c0-6.6 5.4-12 12-12h40c6.6 0 12 5.4 12 12v40c0 6.6-5.4 12-12 12h-40c-6.6 0-12-5.4-12-12v-40zm0 128c0-6.6 5.4-12 12-12h40c6.6 0 12 5.4 12 12v40c0 6.6-5.4 12-12 12h-40c-6.6 0-12-5.4-12-12v-40zM192 268c0-6.6 5.4-12 12-12h40c6.6 0 12 5.4 12 12v40c0 6.6-5.4 12-12 12h-40c-6.6 0-12-5.4-12-12v-40zm0 128c0-6.6 5.4-12 12-12h40c6.6 0 12 5.4 12 12v40c0 6.6-5.4 12-12 12h-40c-6.6 0-12-5.4-12-12v-40zM64 268c0-6.6 5.4-12 12-12h40c6.6 0 12 5.4 12 12v40c0 6.6-5.4 12-12 12H76c-6.6 0-12-5.4-12-12v-40zm0 128c0-6.6 5.4-12 12-12h40c6.6 0 12 5.4 12 12v40c0 6.6-5.4 12-12 12H76c-6.6 0-12-5.4-12-12v-40zM400 64h-48V16c0-8.8-7.2-16-16-16h-32c-8.8 0-16 7.2-16 16v48H160V16c0-8.8-7.2-16-16-16h-32c-8.8 0-16 7.2-16 16v48H48C21.5 64 0 85.5 0 112v48h448v-48c0-26.5-21.5-48-48-48z\"><\/path><\/svg>\t\t\t\t<\/span>\n\t\t\t<\/div>\n\t\t\t\n\t\t\t\t\t\t<div class=\"elementor-icon-box-content\">\n\n\t\t\t\t\n\t\t\t\t\t\t\t\t\t<p class=\"elementor-icon-box-description\">\n\t\t\t\t\t\t <u>Horaire:<\/u>  tous les samedis, en AM ou PM selon la mar\u00e9e basse\t\t\t\t\t<\/p>\n\t\t\t\t\n\t\t\t<\/div>\n\t\t\t\n\t\t<\/div>\n\t\t\t\t\t\t<\/div>\n\t\t\t\t<\/div>\n\t\t\t\t<\/div>\n\t\t<div class=\"elementor-element elementor-element-e8a49fa e-con-full e-flex e-con e-child\" data-id=\"e8a49fa\" data-element_type=\"container\">\n\t\t\t\t<div class=\"elementor-element elementor-element-209c916 elementor-position-left elementor-widget__width-initial elementor-view-default elementor-mobile-position-top elementor-widget elementor-widget-icon-box\" data-id=\"209c916\" data-element_type=\"widget\" data-widget_type=\"icon-box.default\">\n\t\t\t\t<div class=\"elementor-widget-container\">\n\t\t\t\t\t\t\t<div class=\"elementor-icon-box-wrapper\">\n\n\t\t\t\t\t\t<div class=\"elementor-icon-box-icon\">\n\t\t\t\t<span  class=\"elementor-icon\">\n\t\t\t\t<svg aria-hidden=\"true\" class=\"e-font-icon-svg e-fas-dollar-sign\" viewBox=\"0 0 288 512\" xmlns=\"http:\/\/www.w3.org\/2000\/svg\"><path d=\"M209.2 233.4l-108-31.6C88.7 198.2 80 186.5 80 173.5c0-16.3 13.2-29.5 29.5-29.5h66.3c12.2 0 24.2 3.7 34.2 10.5 6.1 4.1 14.3 3.1 19.5-2l34.8-34c7.1-6.9 6.1-18.4-1.8-24.5C238 74.8 207.4 64.1 176 64V16c0-8.8-7.2-16-16-16h-32c-8.8 0-16 7.2-16 16v48h-2.5C45.8 64-5.4 118.7.5 183.6c4.2 46.1 39.4 83.6 83.8 96.6l102.5 30c12.5 3.7 21.2 15.3 21.2 28.3 0 16.3-13.2 29.5-29.5 29.5h-66.3C100 368 88 364.3 78 357.5c-6.1-4.1-14.3-3.1-19.5 2l-34.8 34c-7.1 6.9-6.1 18.4 1.8 24.5 24.5 19.2 55.1 29.9 86.5 30v48c0 8.8 7.2 16 16 16h32c8.8 0 16-7.2 16-16v-48.2c46.6-.9 90.3-28.6 105.7-72.7 21.5-61.6-14.6-124.8-72.5-141.7z\"><\/path><\/svg>\t\t\t\t<\/span>\n\t\t\t<\/div>\n\t\t\t\n\t\t\t\t\t\t<div class=\"elementor-icon-box-content\">\n\n\t\t\t\t\n\t\t\t\t\t\t\t\t\t<p class=\"elementor-icon-box-description\">\n\t\t\t\t\t\t <u>Tarif 14 ans et plus:<\/u>  20$ + taxes  <br>\n <u>Tarif 8 \u00e0 13 ans: <\/u>12$ + taxes\t\t\t\t\t<\/p>\n\t\t\t\t\n\t\t\t<\/div>\n\t\t\t\n\t\t<\/div>\n\t\t\t\t\t\t<\/div>\n\t\t\t\t<\/div>\n\t\t\t\t<\/div>\n\t\t\t\t<\/div>\n\t\t<div class=\"elementor-element elementor-element-57183e1 e-con-full e-flex e-con e-child\" data-id=\"57183e1\" data-element_type=\"container\">\n\t\t<div class=\"elementor-element elementor-element-7a09777 e-con-full e-flex e-con e-child\" data-id=\"7a09777\" data-element_type=\"container\">\n\t\t<div class=\"elementor-element elementor-element-7f8087a e-con-full e-flex e-con e-child\" data-id=\"7f8087a\" data-element_type=\"container\">\n\t\t\t\t<div class=\"elementor-element elementor-element-9e8710d elementor-widget elementor-widget-text-editor\" data-id=\"9e8710d\" data-element_type=\"widget\" data-widget_type=\"text-editor.default\">\n\t\t\t\t<div class=\"elementor-widget-container\">\n\t\t\t\t\t\t\t\t\t<p class=\"font_8 wixui-rich-text__text\"><span style=\"text-decoration: underline;\"><span class=\"wixui-rich-text__text\">\u00c2ge minimum: 8 ans<\/span><\/span><\/p>\t\t\t\t\t\t\t\t<\/div>\n\t\t\t\t<\/div>\n\t\t\t\t<\/div>\n\t\t\t\t<\/div>\n\t\t\t\t<div class=\"elementor-element elementor-element-54d2638 elementor-align-right elementor-widget elementor-widget-button\" data-id=\"54d2638\" data-element_type=\"widget\" data-widget_type=\"button.default\">\n\t\t\t\t<div class=\"elementor-widget-container\">\n\t\t\t\t\t\t\t\t\t<div class=\"elementor-button-wrapper\">\n\t\t\t\t\t<a class=\"elementor-button elementor-button-link elementor-size-sm\" href=\"https:\/\/astroblemecharlevoix.org\/index.php\/billetterie\">\n\t\t\t\t\t\t<span class=\"elementor-button-content-wrapper\">\n\t\t\t\t\t\t\t\t\t<span class=\"elementor-button-text\">Je r\u00e9serve !<\/span>\n\t\t\t\t\t<\/span>\n\t\t\t\t\t<\/a>\n\t\t\t\t<\/div>\n\t\t\t\t\t\t\t\t<\/div>\n\t\t\t\t<\/div>\n\t\t\t\t<\/div>\n\t\t\t\t<\/div>\n\t\t\t\t<\/div>\n\t\t<div class=\"elementor-element elementor-element-5e54c64 e-flex e-con-boxed e-con e-parent\" data-id=\"5e54c64\" data-element_type=\"container\">\n\t\t\t\t\t<div class=\"e-con-inner\">\n\t\t\t\t<div class=\"elementor-element elementor-element-21273aa elementor-widget elementor-widget-spacer\" data-id=\"21273aa\" data-element_type=\"widget\" data-widget_type=\"spacer.default\">\n\t\t\t\t<div class=\"elementor-widget-container\">\n\t\t\t\t\t\t\t<div class=\"elementor-spacer\">\n\t\t\t<div class=\"elementor-spacer-inner\"><\/div>\n\t\t<\/div>\n\t\t\t\t\t\t<\/div>\n\t\t\t\t<\/div>\n\t\t\t\t\t<\/div>\n\t\t\t\t<\/div>\n\t\t\t\t<\/div>\n\t\t","protected":false},"excerpt":{"rendered":"<p>Retour Les tr\u00e9sors de Cap-\u00e0-l&rsquo;Aigle \u00c0 La Malbaie, en bordure du Fleuve St-Laurent, une g\u00e9ologie refl\u00e9tant le pass\u00e9 tourment\u00e9 de Charlevoix vous attend. Douze affleurements rocheux diff\u00e9rents seront visit\u00e9s durant une excursion guid\u00e9e dans un d\u00e9cor magique, et tellement calme! Ce sera l&rsquo;occasion de mieux comprendre le pass\u00e9 de la r\u00e9gion et de le vivre! [&hellip;]<\/p>\n","protected":false},"author":1,"featured_media":0,"parent":0,"menu_order":0,"comment_status":"closed","ping_status":"closed","template":"","meta":{"footnotes":""},"class_list":["post-2361","page","type-page","status-publish","hentry"],"_links":{"self":[{"href":"https:\/\/astroblemecharlevoix.org\/index.php\/wp-json\/wp\/v2\/pages\/2361","targetHints":{"allow":["GET"]}}],"collection":[{"href":"https:\/\/astroblemecharlevoix.org\/index.php\/wp-json\/wp\/v2\/pages"}],"about":[{"href":"https:\/\/astroblemecharlevoix.org\/index.php\/wp-json\/wp\/v2\/types\/page"}],"author":[{"embeddable":true,"href":"https:\/\/astroblemecharlevoix.org\/index.php\/wp-json\/wp\/v2\/users\/1"}],"replies":[{"embeddable":true,"href":"https:\/\/astroblemecharlevoix.org\/index.php\/wp-json\/wp\/v2\/comments?post=2361"}],"version-history":[{"count":61,"href":"https:\/\/astroblemecharlevoix.org\/index.php\/wp-json\/wp\/v2\/pages\/2361\/revisions"}],"predecessor-version":[{"id":5458,"href":"https:\/\/astroblemecharlevoix.org\/index.php\/wp-json\/wp\/v2\/pages\/2361\/revisions\/5458"}],"wp:attachment":[{"href":"https:\/\/astroblemecharlevoix.org\/index.php\/wp-json\/wp\/v2\/media?parent=2361"}],"curies":[{"name":"wp","href":"https:\/\/api.w.org\/{rel}","templated":true}]}}